{"id":37,"date":"2025-06-10T18:15:02","date_gmt":"2025-06-10T18:15:02","guid":{"rendered":"https:\/\/protic.tech\/?page_id=37"},"modified":"2025-08-04T17:29:21","modified_gmt":"2025-08-04T17:29:21","slug":"about","status":"publish","type":"page","link":"https:\/\/protic.tech\/en\/about\/","title":{"rendered":"About us"},"content":{"rendered":"<div data-elementor-type=\"wp-page\" data-elementor-id=\"37\" class=\"elementor elementor-37\" data-elementor-post-type=\"page\">\n\t\t\t\t<div class=\"elementor-element elementor-element-6acdc41 e-flex e-con-boxed e-con e-parent\" data-id=\"6acdc41\" data-element_type=\"container\" data-settings=\"{&quot;background_background&quot;:&quot;classic&quot;}\">\n\t\t\t\t\t<div class=\"e-con-inner\">\n\t\t<div class=\"elementor-element elementor-element-9b5097f e-con-full e-flex e-con e-child\" data-id=\"9b5097f\" data-element_type=\"container\">\n\t\t\t\t<div class=\"elementor-element elementor-element-84138ee elementor-invisible elementor-widget elementor-widget-heading\" data-id=\"84138ee\" data-element_type=\"widget\" data-settings=\"{&quot;_animation&quot;:&quot;fadeIn&quot;}\" data-widget_type=\"heading.default\">\n\t\t\t\t<div class=\"elementor-widget-container\">\n\t\t\t\t\t<h1 class=\"elementor-heading-title elementor-size-default\">About us<\/h1>\t\t\t\t<\/div>\n\t\t\t\t<\/div>\n\t\t\t\t<\/div>\n\t\t\t\t\t<\/div>\n\t\t\t\t<\/div>\n\t\t<div class=\"elementor-element elementor-element-cb861a4 e-con-full e-flex e-con e-parent\" data-id=\"cb861a4\" data-element_type=\"container\" data-settings=\"{&quot;background_background&quot;:&quot;gradient&quot;}\">\n\t\t<div class=\"elementor-element elementor-element-b9d7610 e-con-full e-flex e-con e-child\" data-id=\"b9d7610\" data-element_type=\"container\" data-settings=\"{&quot;background_background&quot;:&quot;gradient&quot;}\">\n\t\t<div class=\"elementor-element elementor-element-509d464 e-flex e-con-boxed e-con e-child\" data-id=\"509d464\" data-element_type=\"container\">\n\t\t\t\t\t<div class=\"e-con-inner\">\n\t\t<div class=\"elementor-element elementor-element-6278cf1 e-con-full e-flex elementor-invisible e-con e-child\" data-id=\"6278cf1\" data-element_type=\"container\" data-settings=\"{&quot;animation&quot;:&quot;fadeInUp&quot;}\">\n\t\t\t\t<div class=\"elementor-element elementor-element-9e8edf5 elementor-widget elementor-widget-heading\" data-id=\"9e8edf5\" data-element_type=\"widget\" data-widget_type=\"heading.default\">\n\t\t\t\t<div class=\"elementor-widget-container\">\n\t\t\t\t\t<h4 class=\"elementor-heading-title elementor-size-default\">\/ WE ARE PROTIC<\/h4>\t\t\t\t<\/div>\n\t\t\t\t<\/div>\n\t\t\t\t<div class=\"elementor-element elementor-element-8121a2f elementor-widget elementor-widget-heading\" data-id=\"8121a2f\" data-element_type=\"widget\" data-widget_type=\"heading.default\">\n\t\t\t\t<div class=\"elementor-widget-container\">\n\t\t\t\t\t<h2 class=\"elementor-heading-title elementor-size-default\">Our history<\/h2>\t\t\t\t<\/div>\n\t\t\t\t<\/div>\n\t\t\t\t<div class=\"elementor-element elementor-element-4f2390a elementor-widget elementor-widget-text-editor\" data-id=\"4f2390a\" data-element_type=\"widget\" data-widget_type=\"text-editor.default\">\n\t\t\t\t<div class=\"elementor-widget-container\">\n\t\t\t\t\t\t\t\t\t<p>PROTIC S.A. has a project office with a qualified group of professionals and technicians, some with over 30 years of industry experience.<\/p>\n<p>We hold certifications from the Fiber Broadband Association, validating expertise in FTTH architectures, network design, implementation technology, and operational skills.<\/p>\t\t\t\t\t\t\t\t<\/div>\n\t\t\t\t<\/div>\n\t\t\t\t<\/div>\n\t\t<div class=\"elementor-element elementor-element-0723205 e-con-full e-flex e-con e-child\" data-id=\"0723205\" data-element_type=\"container\" data-settings=\"{&quot;motion_fx_motion_fx_scrolling&quot;:&quot;yes&quot;,&quot;motion_fx_devices&quot;:[&quot;desktop&quot;,&quot;tablet&quot;,&quot;mobile&quot;]}\">\n\t\t\t\t<div class=\"elementor-element elementor-element-0e7205b elementor-invisible elementor-widget elementor-widget-image\" data-id=\"0e7205b\" data-element_type=\"widget\" data-settings=\"{&quot;_animation&quot;:&quot;fadeIn&quot;}\" data-widget_type=\"image.default\">\n\t\t\t\t<div class=\"elementor-widget-container\">\n\t\t\t\t\t\t\t\t\t\t\t\t\t\t\t<img fetchpriority=\"high\" decoding=\"async\" width=\"641\" height=\"479\" src=\"https:\/\/protic.tech\/wp-content\/uploads\/2025\/06\/img-about-1.jpg\" class=\"elementor-animation-hang attachment-1536x1536 size-1536x1536 wp-image-622\" alt=\"\" srcset=\"https:\/\/protic.tech\/wp-content\/uploads\/2025\/06\/img-about-1.jpg 641w, https:\/\/protic.tech\/wp-content\/uploads\/2025\/06\/img-about-1-300x224.jpg 300w\" sizes=\"(max-width: 641px) 100vw, 641px\" \/>\t\t\t\t\t\t\t\t\t\t\t\t\t\t\t<\/div>\n\t\t\t\t<\/div>\n\t\t\t\t<\/div>\n\t\t\t\t\t<\/div>\n\t\t\t\t<\/div>\n\t\t\t\t<\/div>\n\t\t\t\t<\/div>\n\t\t<div class=\"elementor-element elementor-element-3f52bc2 e-flex e-con-boxed e-con e-parent\" data-id=\"3f52bc2\" data-element_type=\"container\" data-settings=\"{&quot;background_background&quot;:&quot;classic&quot;}\">\n\t\t\t\t\t<div class=\"e-con-inner\">\n\t\t<div class=\"elementor-element elementor-element-93d7f31 e-con-full e-flex e-con e-child\" data-id=\"93d7f31\" data-element_type=\"container\">\n\t\t<div class=\"elementor-element elementor-element-f7ddf8b e-con-full e-flex elementor-invisible e-con e-child\" data-id=\"f7ddf8b\" data-element_type=\"container\" data-settings=\"{&quot;animation&quot;:&quot;fadeIn&quot;}\">\n\t\t\t\t<div class=\"elementor-element elementor-element-421473d elementor-widget elementor-widget-image\" data-id=\"421473d\" data-element_type=\"widget\" data-widget_type=\"image.default\">\n\t\t\t\t<div class=\"elementor-widget-container\">\n\t\t\t\t\t\t\t\t\t\t\t\t\t\t\t<img decoding=\"async\" width=\"762\" height=\"165\" src=\"https:\/\/protic.tech\/wp-content\/uploads\/2025\/06\/WEEZIE_LOGO_HORIZONTAL.png\" class=\"attachment-large size-large wp-image-691\" alt=\"\" srcset=\"https:\/\/protic.tech\/wp-content\/uploads\/2025\/06\/WEEZIE_LOGO_HORIZONTAL.png 762w, https:\/\/protic.tech\/wp-content\/uploads\/2025\/06\/WEEZIE_LOGO_HORIZONTAL-300x65.png 300w\" sizes=\"(max-width: 762px) 100vw, 762px\" \/>\t\t\t\t\t\t\t\t\t\t\t\t\t\t\t<\/div>\n\t\t\t\t<\/div>\n\t\t\t\t<\/div>\n\t\t<div class=\"elementor-element elementor-element-47ade63 e-con-full e-flex e-con e-child\" data-id=\"47ade63\" data-element_type=\"container\">\n\t\t\t\t<div class=\"elementor-element elementor-element-257cae8 elementor-widget elementor-widget-heading\" data-id=\"257cae8\" data-element_type=\"widget\" data-widget_type=\"heading.default\">\n\t\t\t\t<div class=\"elementor-widget-container\">\n\t\t\t\t\t<h4 class=\"elementor-heading-title elementor-size-default\">\/ partners<\/h4>\t\t\t\t<\/div>\n\t\t\t\t<\/div>\n\t\t\t\t<div class=\"elementor-element elementor-element-4236872 elementor-widget-tablet__width-auto elementor-widget elementor-widget-heading\" data-id=\"4236872\" data-element_type=\"widget\" data-widget_type=\"heading.default\">\n\t\t\t\t<div class=\"elementor-widget-container\">\n\t\t\t\t\t<h2 class=\"elementor-heading-title elementor-size-default\">Weezie Value Added Reseller (VAR)<\/h2>\t\t\t\t<\/div>\n\t\t\t\t<\/div>\n\t\t\t\t<div class=\"elementor-element elementor-element-37f46bf elementor-widget elementor-widget-text-editor\" data-id=\"37f46bf\" data-element_type=\"widget\" data-widget_type=\"text-editor.default\">\n\t\t\t\t<div class=\"elementor-widget-container\">\n\t\t\t\t\t\t\t\t\t<p><span style=\"font-weight: 400;\">Weezie provides a software solution for managing fiber optic networks, focusing on process automation and digitization, simplifying and enhancing operations, and enabling faster data-driven decision-making.<\/span><\/p>\t\t\t\t\t\t\t\t<\/div>\n\t\t\t\t<\/div>\n\t\t\t\t<\/div>\n\t\t\t\t<\/div>\n\t\t\t\t\t<\/div>\n\t\t\t\t<\/div>\n\t\t<div class=\"elementor-element elementor-element-68828fa e-flex e-con-boxed e-con e-parent\" data-id=\"68828fa\" data-element_type=\"container\" data-settings=\"{&quot;background_background&quot;:&quot;classic&quot;}\">\n\t\t\t\t\t<div class=\"e-con-inner\">\n\t\t<div class=\"elementor-element elementor-element-db458f4 e-con-full e-flex e-con e-child\" data-id=\"db458f4\" data-element_type=\"container\">\n\t\t<div class=\"elementor-element elementor-element-1fb9ef5 e-flex e-con-boxed elementor-invisible e-con e-child\" data-id=\"1fb9ef5\" data-element_type=\"container\" data-settings=\"{&quot;animation&quot;:&quot;fadeIn&quot;}\">\n\t\t\t\t\t<div class=\"e-con-inner\">\n\t\t\t\t<div class=\"elementor-element elementor-element-32145be elementor-widget elementor-widget-heading\" data-id=\"32145be\" data-element_type=\"widget\" data-widget_type=\"heading.default\">\n\t\t\t\t<div class=\"elementor-widget-container\">\n\t\t\t\t\t<h4 class=\"elementor-heading-title elementor-size-default\">\/ why choose us<\/h4>\t\t\t\t<\/div>\n\t\t\t\t<\/div>\n\t\t\t\t<div class=\"elementor-element elementor-element-bb54dd2 elementor-widget-tablet__width-auto elementor-widget elementor-widget-heading\" data-id=\"bb54dd2\" data-element_type=\"widget\" data-widget_type=\"heading.default\">\n\t\t\t\t<div class=\"elementor-widget-container\">\n\t\t\t\t\t<h2 class=\"elementor-heading-title elementor-size-default\">We assist telecommunications service providers<\/h2>\t\t\t\t<\/div>\n\t\t\t\t<\/div>\n\t\t\t\t<div class=\"elementor-element elementor-element-cbb2ac8 elementor-widget elementor-widget-text-editor\" data-id=\"cbb2ac8\" data-element_type=\"widget\" data-widget_type=\"text-editor.default\">\n\t\t\t\t<div class=\"elementor-widget-container\">\n\t\t\t\t\t\t\t\t\t<p>We design their outside plant to expand or improve their networks, using world-class GIS software.<\/p>\t\t\t\t\t\t\t\t<\/div>\n\t\t\t\t<\/div>\n\t\t\t\t\t<\/div>\n\t\t\t\t<\/div>\n\t\t\t\t<\/div>\n\t\t<div class=\"elementor-element elementor-element-434dbfd e-grid e-con-full e-con e-child\" data-id=\"434dbfd\" data-element_type=\"container\">\n\t\t\t\t<div class=\"elementor-element elementor-element-446a5db elementor-widget elementor-widget-image\" data-id=\"446a5db\" data-element_type=\"widget\" data-widget_type=\"image.default\">\n\t\t\t\t<div class=\"elementor-widget-container\">\n\t\t\t\t\t\t\t\t\t\t\t\t\t\t\t<img decoding=\"async\" width=\"350\" height=\"135\" src=\"https:\/\/protic.tech\/wp-content\/uploads\/2025\/06\/logo-Certa-1.png\" class=\"elementor-animation-hang attachment-full size-full wp-image-679\" alt=\"\" srcset=\"https:\/\/protic.tech\/wp-content\/uploads\/2025\/06\/logo-Certa-1.png 350w, https:\/\/protic.tech\/wp-content\/uploads\/2025\/06\/logo-Certa-1-300x116.png 300w\" sizes=\"(max-width: 350px) 100vw, 350px\" \/>\t\t\t\t\t\t\t\t\t\t\t\t\t\t\t<\/div>\n\t\t\t\t<\/div>\n\t\t\t\t<div class=\"elementor-element elementor-element-fba243f elementor-widget elementor-widget-image\" data-id=\"fba243f\" data-element_type=\"widget\" data-widget_type=\"image.default\">\n\t\t\t\t<div class=\"elementor-widget-container\">\n\t\t\t\t\t\t\t\t\t\t\t\t\t\t\t<img loading=\"lazy\" decoding=\"async\" width=\"350\" height=\"135\" src=\"https:\/\/protic.tech\/wp-content\/uploads\/2025\/06\/logo-Bentley.png\" class=\"elementor-animation-hang attachment-full size-full wp-image-291\" alt=\"\" srcset=\"https:\/\/protic.tech\/wp-content\/uploads\/2025\/06\/logo-Bentley.png 350w, https:\/\/protic.tech\/wp-content\/uploads\/2025\/06\/logo-Bentley-300x116.png 300w\" sizes=\"(max-width: 350px) 100vw, 350px\" \/>\t\t\t\t\t\t\t\t\t\t\t\t\t\t\t<\/div>\n\t\t\t\t<\/div>\n\t\t\t\t<div class=\"elementor-element elementor-element-475c11f elementor-widget elementor-widget-image\" data-id=\"475c11f\" data-element_type=\"widget\" data-widget_type=\"image.default\">\n\t\t\t\t<div class=\"elementor-widget-container\">\n\t\t\t\t\t\t\t\t\t\t\t\t\t\t\t<img loading=\"lazy\" decoding=\"async\" width=\"350\" height=\"135\" src=\"https:\/\/protic.tech\/wp-content\/uploads\/2025\/06\/logo-LodeData.png\" class=\"elementor-animation-hang attachment-full size-full wp-image-293\" alt=\"\" srcset=\"https:\/\/protic.tech\/wp-content\/uploads\/2025\/06\/logo-LodeData.png 350w, https:\/\/protic.tech\/wp-content\/uploads\/2025\/06\/logo-LodeData-300x116.png 300w\" sizes=\"(max-width: 350px) 100vw, 350px\" \/>\t\t\t\t\t\t\t\t\t\t\t\t\t\t\t<\/div>\n\t\t\t\t<\/div>\n\t\t\t\t<div class=\"elementor-element elementor-element-761ba59 elementor-widget elementor-widget-image\" data-id=\"761ba59\" data-element_type=\"widget\" data-widget_type=\"image.default\">\n\t\t\t\t<div class=\"elementor-widget-container\">\n\t\t\t\t\t\t\t\t\t\t\t\t\t\t\t<img loading=\"lazy\" decoding=\"async\" width=\"350\" height=\"135\" src=\"https:\/\/protic.tech\/wp-content\/uploads\/2025\/06\/logo-AESmallworld.png\" class=\"elementor-animation-hang attachment-full size-full wp-image-290\" alt=\"\" srcset=\"https:\/\/protic.tech\/wp-content\/uploads\/2025\/06\/logo-AESmallworld.png 350w, https:\/\/protic.tech\/wp-content\/uploads\/2025\/06\/logo-AESmallworld-300x116.png 300w\" sizes=\"(max-width: 350px) 100vw, 350px\" \/>\t\t\t\t\t\t\t\t\t\t\t\t\t\t\t<\/div>\n\t\t\t\t<\/div>\n\t\t\t\t<div class=\"elementor-element elementor-element-9ccfd75 elementor-widget elementor-widget-image\" data-id=\"9ccfd75\" data-element_type=\"widget\" data-widget_type=\"image.default\">\n\t\t\t\t<div class=\"elementor-widget-container\">\n\t\t\t\t\t\t\t\t\t\t\t\t\t\t\t<img loading=\"lazy\" decoding=\"async\" width=\"350\" height=\"135\" src=\"https:\/\/protic.tech\/wp-content\/uploads\/2025\/06\/logo-Magellan.png\" class=\"elementor-animation-hang attachment-full size-full wp-image-294\" alt=\"\" srcset=\"https:\/\/protic.tech\/wp-content\/uploads\/2025\/06\/logo-Magellan.png 350w, https:\/\/protic.tech\/wp-content\/uploads\/2025\/06\/logo-Magellan-300x116.png 300w\" sizes=\"(max-width: 350px) 100vw, 350px\" \/>\t\t\t\t\t\t\t\t\t\t\t\t\t\t\t<\/div>\n\t\t\t\t<\/div>\n\t\t\t\t<div class=\"elementor-element elementor-element-724c0be elementor-widget elementor-widget-image\" data-id=\"724c0be\" data-element_type=\"widget\" data-widget_type=\"image.default\">\n\t\t\t\t<div class=\"elementor-widget-container\">\n\t\t\t\t\t\t\t\t\t\t\t\t\t\t\t<img loading=\"lazy\" decoding=\"async\" width=\"350\" height=\"135\" src=\"https:\/\/protic.tech\/wp-content\/uploads\/2025\/06\/logos-AUTOCAD.png\" class=\"elementor-animation-hang attachment-full size-full wp-image-721\" alt=\"\" srcset=\"https:\/\/protic.tech\/wp-content\/uploads\/2025\/06\/logos-AUTOCAD.png 350w, https:\/\/protic.tech\/wp-content\/uploads\/2025\/06\/logos-AUTOCAD-300x116.png 300w\" sizes=\"(max-width: 350px) 100vw, 350px\" \/>\t\t\t\t\t\t\t\t\t\t\t\t\t\t\t<\/div>\n\t\t\t\t<\/div>\n\t\t\t\t<div class=\"elementor-element elementor-element-0fa34b3 elementor-widget elementor-widget-image\" data-id=\"0fa34b3\" data-element_type=\"widget\" data-widget_type=\"image.default\">\n\t\t\t\t<div class=\"elementor-widget-container\">\n\t\t\t\t\t\t\t\t\t\t\t\t\t\t\t<img loading=\"lazy\" decoding=\"async\" width=\"350\" height=\"135\" src=\"https:\/\/protic.tech\/wp-content\/uploads\/2025\/06\/logos-QGIS.png\" class=\"elementor-animation-hang attachment-full size-full wp-image-722\" alt=\"\" srcset=\"https:\/\/protic.tech\/wp-content\/uploads\/2025\/06\/logos-QGIS.png 350w, https:\/\/protic.tech\/wp-content\/uploads\/2025\/06\/logos-QGIS-300x116.png 300w\" sizes=\"(max-width: 350px) 100vw, 350px\" \/>\t\t\t\t\t\t\t\t\t\t\t\t\t\t\t<\/div>\n\t\t\t\t<\/div>\n\t\t\t\t<\/div>\n\t\t\t\t\t<\/div>\n\t\t\t\t<\/div>\n\t\t<div class=\"elementor-element elementor-element-3e091fd e-flex e-con-boxed e-con e-parent\" data-id=\"3e091fd\" data-element_type=\"container\" data-settings=\"{&quot;background_background&quot;:&quot;gradient&quot;}\">\n\t\t\t\t\t<div class=\"e-con-inner\">\n\t\t\t\t<div class=\"elementor-element elementor-element-0e3e4f8 elementor-pagination-type-bullets elementor-pagination-position-outside elementor-widget elementor-widget-n-carousel\" data-id=\"0e3e4f8\" data-element_type=\"widget\" data-settings=\"{&quot;carousel_items&quot;:[{&quot;slide_title&quot;:&quot;Relevamiento&quot;,&quot;_id&quot;:&quot;8d533e3&quot;},{&quot;slide_title&quot;:&quot;Relevamiento&quot;,&quot;_id&quot;:&quot;f675935&quot;},{&quot;slide_title&quot;:&quot;Relevamiento&quot;,&quot;_id&quot;:&quot;caced8c&quot;}],&quot;slides_to_show&quot;:&quot;3&quot;,&quot;slides_to_show_tablet&quot;:&quot;2&quot;,&quot;slides_to_show_mobile&quot;:&quot;1&quot;,&quot;autoplay&quot;:&quot;yes&quot;,&quot;autoplay_speed&quot;:5000,&quot;pause_on_hover&quot;:&quot;yes&quot;,&quot;pause_on_interaction&quot;:&quot;yes&quot;,&quot;infinite&quot;:&quot;yes&quot;,&quot;speed&quot;:500,&quot;offset_sides&quot;:&quot;none&quot;,&quot;pagination&quot;:&quot;bullets&quot;,&quot;image_spacing_custom&quot;:{&quot;unit&quot;:&quot;px&quot;,&quot;size&quot;:10,&quot;sizes&quot;:[]},&quot;image_spacing_custom_tablet&quot;:{&quot;unit&quot;:&quot;px&quot;,&quot;size&quot;:&quot;&quot;,&quot;sizes&quot;:[]},&quot;image_spacing_custom_mobile&quot;:{&quot;unit&quot;:&quot;px&quot;,&quot;size&quot;:&quot;&quot;,&quot;sizes&quot;:[]}}\" data-widget_type=\"nested-carousel.default\">\n\t\t\t\t<div class=\"elementor-widget-container\">\n\t\t\t\t\t\t\t<div class=\"e-n-carousel swiper\" role=\"region\" aria-roledescription=\"carousel\" aria-label=\"Carrusel\" dir=\"ltr\">\n\t\t\t<div class=\"swiper-wrapper\" aria-live=\"off\">\n\t\t\t\t\t\t\t\t\t\t<div class=\"swiper-slide\" data-slide=\"1\" role=\"group\" aria-roledescription=\"slide\" aria-label=\"1 of 3\">\n\t\t\t\t\t\t\t<div class=\"elementor-element elementor-element-f705b27 e-flex e-con-boxed e-con e-child\" data-id=\"f705b27\" data-element_type=\"container\">\n\t\t\t\t\t<div class=\"e-con-inner\">\n\t\t<div class=\"elementor-element elementor-element-64e2bcd e-con-full animated-fast e-flex elementor-invisible e-con e-child\" data-id=\"64e2bcd\" data-element_type=\"container\" data-settings=\"{&quot;background_background&quot;:&quot;gradient&quot;,&quot;animation&quot;:&quot;fadeInUp&quot;}\">\n\t\t\t\t<div class=\"elementor-element elementor-element-6b3e9c7 elementor-widget elementor-widget-heading\" data-id=\"6b3e9c7\" data-element_type=\"widget\" data-widget_type=\"heading.default\">\n\t\t\t\t<div class=\"elementor-widget-container\">\n\t\t\t\t\t<h2 class=\"elementor-heading-title elementor-size-default\">Mission<\/h2>\t\t\t\t<\/div>\n\t\t\t\t<\/div>\n\t\t\t\t<div class=\"elementor-element elementor-element-c9195a1 elementor-widget-divider--view-line elementor-widget elementor-widget-divider\" data-id=\"c9195a1\" data-element_type=\"widget\" data-widget_type=\"divider.default\">\n\t\t\t\t<div class=\"elementor-widget-container\">\n\t\t\t\t\t\t\t<div class=\"elementor-divider\">\n\t\t\t<span class=\"elementor-divider-separator\">\n\t\t\t\t\t\t<\/span>\n\t\t<\/div>\n\t\t\t\t\t\t<\/div>\n\t\t\t\t<\/div>\n\t\t\t\t<div class=\"elementor-element elementor-element-9bff641 elementor-widget elementor-widget-text-editor\" data-id=\"9bff641\" data-element_type=\"widget\" data-widget_type=\"text-editor.default\">\n\t\t\t\t<div class=\"elementor-widget-container\">\n\t\t\t\t\t\t\t\t\tWe provide consulting, design, and engineering in telecommunications, specializing in FTTH and HFC networks. We ensure precise, innovative, and tailored solutions to each client's needs, guaranteeing quality and reliability in every project.\t\t\t\t\t\t\t\t<\/div>\n\t\t\t\t<\/div>\n\t\t\t\t<\/div>\n\t\t\t\t\t<\/div>\n\t\t\t\t<\/div>\n\t\t\t\t\t\t\t\t<\/div>\n\t\t\t\t\t\t\t\t\t\t\t<div class=\"swiper-slide\" data-slide=\"2\" role=\"group\" aria-roledescription=\"slide\" aria-label=\"2 of 3\">\n\t\t\t\t\t\t\t<div class=\"elementor-element elementor-element-4b2b2a2 e-flex e-con-boxed e-con e-child\" data-id=\"4b2b2a2\" data-element_type=\"container\">\n\t\t\t\t\t<div class=\"e-con-inner\">\n\t\t<div class=\"elementor-element elementor-element-c7a4fc0 e-con-full e-flex elementor-invisible e-con e-child\" data-id=\"c7a4fc0\" data-element_type=\"container\" data-settings=\"{&quot;background_background&quot;:&quot;gradient&quot;,&quot;animation&quot;:&quot;fadeInUp&quot;}\">\n\t\t\t\t<div class=\"elementor-element elementor-element-ffd6f0e elementor-widget elementor-widget-heading\" data-id=\"ffd6f0e\" data-element_type=\"widget\" data-widget_type=\"heading.default\">\n\t\t\t\t<div class=\"elementor-widget-container\">\n\t\t\t\t\t<h2 class=\"elementor-heading-title elementor-size-default\">Vision<\/h2>\t\t\t\t<\/div>\n\t\t\t\t<\/div>\n\t\t\t\t<div class=\"elementor-element elementor-element-87d4b17 elementor-widget-divider--view-line elementor-widget elementor-widget-divider\" data-id=\"87d4b17\" data-element_type=\"widget\" data-widget_type=\"divider.default\">\n\t\t\t\t<div class=\"elementor-widget-container\">\n\t\t\t\t\t\t\t<div class=\"elementor-divider\">\n\t\t\t<span class=\"elementor-divider-separator\">\n\t\t\t\t\t\t<\/span>\n\t\t<\/div>\n\t\t\t\t\t\t<\/div>\n\t\t\t\t<\/div>\n\t\t\t\t<div class=\"elementor-element elementor-element-016a44f elementor-widget elementor-widget-text-editor\" data-id=\"016a44f\" data-element_type=\"widget\" data-widget_type=\"text-editor.default\">\n\t\t\t\t<div class=\"elementor-widget-container\">\n\t\t\t\t\t\t\t\t\tTo be the leading company in telecommunications solutions in Latin America, recognized for its innovation, quality, and adaptability, driving the development of efficient and sustainable connectivity infrastructures.\t\t\t\t\t\t\t\t<\/div>\n\t\t\t\t<\/div>\n\t\t\t\t<\/div>\n\t\t\t\t\t<\/div>\n\t\t\t\t<\/div>\n\t\t\t\t\t\t\t\t<\/div>\n\t\t\t\t\t\t\t\t\t\t\t<div class=\"swiper-slide\" data-slide=\"3\" role=\"group\" aria-roledescription=\"slide\" aria-label=\"3 of 3\">\n\t\t\t\t\t\t\t<div class=\"elementor-element elementor-element-de53e5b e-flex e-con-boxed e-con e-child\" data-id=\"de53e5b\" data-element_type=\"container\">\n\t\t\t\t\t<div class=\"e-con-inner\">\n\t\t<div class=\"elementor-element elementor-element-4130fca e-con-full animated-slow e-flex elementor-invisible e-con e-child\" data-id=\"4130fca\" data-element_type=\"container\" data-settings=\"{&quot;background_background&quot;:&quot;gradient&quot;,&quot;animation&quot;:&quot;fadeInUp&quot;}\">\n\t\t\t\t<div class=\"elementor-element elementor-element-df770a8 elementor-widget elementor-widget-heading\" data-id=\"df770a8\" data-element_type=\"widget\" data-widget_type=\"heading.default\">\n\t\t\t\t<div class=\"elementor-widget-container\">\n\t\t\t\t\t<h2 class=\"elementor-heading-title elementor-size-default\">Values<\/h2>\t\t\t\t<\/div>\n\t\t\t\t<\/div>\n\t\t\t\t<div class=\"elementor-element elementor-element-849eaa3 elementor-widget-divider--view-line elementor-widget elementor-widget-divider\" data-id=\"849eaa3\" data-element_type=\"widget\" data-widget_type=\"divider.default\">\n\t\t\t\t<div class=\"elementor-widget-container\">\n\t\t\t\t\t\t\t<div class=\"elementor-divider\">\n\t\t\t<span class=\"elementor-divider-separator\">\n\t\t\t\t\t\t<\/span>\n\t\t<\/div>\n\t\t\t\t\t\t<\/div>\n\t\t\t\t<\/div>\n\t\t\t\t<div class=\"elementor-element elementor-element-dc10cf0 elementor-widget elementor-widget-text-editor\" data-id=\"dc10cf0\" data-element_type=\"widget\" data-widget_type=\"text-editor.default\">\n\t\t\t\t<div class=\"elementor-widget-container\">\n\t\t\t\t\t\t\t\t\t<p>Innovation<br \/>Quality<br \/>Commitment<br \/>Transparency<br \/>Adaptability<\/p>\t\t\t\t\t\t\t\t<\/div>\n\t\t\t\t<\/div>\n\t\t\t\t<\/div>\n\t\t\t\t\t<\/div>\n\t\t\t\t<\/div>\n\t\t\t\t\t\t\t\t<\/div>\n\t\t\t\t\t\t\t\t<\/div>\n\t\t<\/div>\n\t\t\t\t\t<div class=\"swiper-pagination\"><\/div>\n\t\t\t\t\t\t<\/div>\n\t\t\t\t<\/div>\n\t\t\t\t\t<\/div>\n\t\t\t\t<\/div>\n\t\t<div class=\"elementor-element elementor-element-e612303 e-con-full e-flex e-con e-parent\" data-id=\"e612303\" data-element_type=\"container\">\n\t\t\t\t<div class=\"elementor-element elementor-element-76cb427 elementor-cta--skin-cover elementor-cta--valign-middle elementor-animated-content elementor-widget elementor-widget-global elementor-global-637 elementor-widget-call-to-action\" data-id=\"76cb427\" data-element_type=\"widget\" data-widget_type=\"call-to-action.default\">\n\t\t\t\t<div class=\"elementor-widget-container\">\n\t\t\t\t\t\t\t<a class=\"elementor-cta\" href=\"https:\/\/protic.tech\/en\/contacto\/\">\n\t\t\t\t\t<div class=\"elementor-cta__bg-wrapper\">\n\t\t\t\t<div class=\"elementor-cta__bg elementor-bg\" style=\"background-image: url(https:\/\/protic.tech\/wp-content\/uploads\/2025\/06\/bck-cta_02-1024x579.jpg);\" role=\"img\" aria-label=\"bck-cta_02\"><\/div>\n\t\t\t\t<div class=\"elementor-cta__bg-overlay\"><\/div>\n\t\t\t<\/div>\n\t\t\t\t\t\t\t<div class=\"elementor-cta__content\">\n\t\t\t\t\n\t\t\t\t\t\t\t\t\t<div class=\"elementor-cta__title elementor-cta__content-item elementor-content-item elementor-animated-item--move-up\">\n\t\t\t\t\t\tLet\u2019s talk about your project\t\t\t\t\t<\/div>\n\t\t\t\t\n\t\t\t\t\n\t\t\t\t\t\t\t\t\t<div class=\"elementor-cta__button-wrapper elementor-cta__content-item elementor-content-item elementor-animated-item--move-up\">\n\t\t\t\t\t<span class=\"elementor-cta__button elementor-button elementor-size-\">\n\t\t\t\t\t\tContact Us\t\t\t\t\t<\/span>\n\t\t\t\t\t<\/div>\n\t\t\t\t\t\t\t<\/div>\n\t\t\t\t\t\t<\/a>\n\t\t\t\t\t\t<\/div>\n\t\t\t\t<\/div>\n\t\t\t\t<\/div>\n\t\t\t\t<\/div>","protected":false},"excerpt":{"rendered":"<p>Sobre nosotros \/ SOMOS PROTIC Nuestra historia PROTIC S.A. cuenta con una oficina de proyectos con un calificado grupo de profesionales y t\u00e9cnicos, algunos con m\u00e1s de 30 a\u00f1os de experiencia en la industria. Contamos con certificaciones de la Fiber Broadband Association, que certifica conocimiento y familiaridad con las arquitecturas FTTH, el dise\u00f1o de la [&hellip;]<\/p>","protected":false},"author":3,"featured_media":0,"parent":0,"menu_order":0,"comment_status":"closed","ping_status":"closed","template":"","meta":{"footnotes":""},"class_list":["post-37","page","type-page","status-publish","hentry"],"_links":{"self":[{"href":"https:\/\/protic.tech\/en\/wp-json\/wp\/v2\/pages\/37","targetHints":{"allow":["GET"]}}],"collection":[{"href":"https:\/\/protic.tech\/en\/wp-json\/wp\/v2\/pages"}],"about":[{"href":"https:\/\/protic.tech\/en\/wp-json\/wp\/v2\/types\/page"}],"author":[{"embeddable":true,"href":"https:\/\/protic.tech\/en\/wp-json\/wp\/v2\/users\/3"}],"replies":[{"embeddable":true,"href":"https:\/\/protic.tech\/en\/wp-json\/wp\/v2\/comments?post=37"}],"version-history":[{"count":3,"href":"https:\/\/protic.tech\/en\/wp-json\/wp\/v2\/pages\/37\/revisions"}],"predecessor-version":[{"id":832,"href":"https:\/\/protic.tech\/en\/wp-json\/wp\/v2\/pages\/37\/revisions\/832"}],"wp:attachment":[{"href":"https:\/\/protic.tech\/en\/wp-json\/wp\/v2\/media?parent=37"}],"curies":[{"name":"wp","href":"https:\/\/api.w.org\/{rel}","templated":true}]}}